{"id":527,"date":"2019-10-18T12:01:39","date_gmt":"2019-10-18T12:01:39","guid":{"rendered":"https:\/\/cnc-inzeniring.com\/kontakt\/"},"modified":"2020-11-05T09:54:19","modified_gmt":"2020-11-05T09:54:19","slug":"kontakt","status":"publish","type":"page","link":"https:\/\/cnc-inzeniring.com\/de\/kontakt\/","title":{"rendered":"Kontakt"},"content":{"rendered":"<p>[et_pb_section fb_built=&#8220;1&#8243; next_background_color=&#8220;#ffffff&#8220; admin_label=&#8220;Hero&#8220; _builder_version=&#8220;4.0.1&#8243; use_background_color_gradient=&#8220;on&#8220; background_color_gradient_start=&#8220;#283d4b&#8220; background_color_gradient_end=&#8220;rgba(128,103,79,0.5)&#8220; background_color_gradient_direction=&#8220;70deg&#8220; background_color_gradient_overlays_image=&#8220;on&#8220; background_image=&#8220;https:\/\/cnc-inzeniring.com\/wp-content\/uploads\/2019\/10\/cnc_kos.jpg&#8220; custom_margin=&#8220;||3%|&#8220; custom_padding=&#8220;6vw|||&#8220; bottom_divider_style=&#8220;mountains2&#8243; bottom_divider_height=&#8220;20vw&#8220; bottom_divider_repeat=&#8220;0.5x&#8220; bottom_divider_flip=&#8220;horizontal|vertical&#8220;][et_pb_row _builder_version=&#8220;3.25&#8243; custom_margin=&#8220;|||&#8220; custom_padding=&#8220;27px|0px|0|0px|false|false&#8220;][et_pb_column type=&#8220;4_4&#8243; _builder_version=&#8220;3.25&#8243; custom_padding=&#8220;|||&#8220; custom_padding__hover=&#8220;|||&#8220;][et_pb_text _builder_version=&#8220;4.0.11&#8243; text_font=&#8220;||||||||&#8220; header_font=&#8220;Josefin Sans|700|||||||&#8220; header_font_size=&#8220;60px&#8220; header_line_height=&#8220;1.4em&#8220; header_2_font=&#8220;Josefin Sans||||||||&#8220; header_2_text_color=&#8220;rgba(255,255,255,0.6)&#8220; header_2_font_size=&#8220;32px&#8220; header_2_line_height=&#8220;1.4em&#8220; background_layout=&#8220;dark&#8220; custom_padding=&#8220;||15vw||false|false&#8220; animation_style=&#8220;slide&#8220; animation_direction=&#8220;right&#8220; animation_intensity_slide=&#8220;4%&#8220; header_font_size_tablet=&#8220;50px&#8220; header_font_size_phone=&#8220;32px&#8220; header_font_size_last_edited=&#8220;on|desktop&#8220; header_2_font_size_tablet=&#8220;&#8220; header_2_font_size_phone=&#8220;24px&#8220; header_2_font_size_last_edited=&#8220;on|phone&#8220;]<\/p>\n<h1>Kontaktformular<\/h1>\n<p>[\/et_pb_text][\/et_pb_column][\/et_pb_row][et_pb_row _builder_version=&#8220;3.25&#8243; custom_margin=&#8220;50px|||&#8220; locked=&#8220;off&#8220;][et_pb_column type=&#8220;4_4&#8243; _builder_version=&#8220;3.25&#8243; custom_padding=&#8220;|||&#8220; custom_padding__hover=&#8220;|||&#8220;][et_pb_contact_form email=&#8220;info@cnc-inzeniring.com&#8220; custom_message=&#8220;\u017divjo, ||et_pb_line_break_holder||dobil si sporo\u010dilo iz spletnega mesta &#8211; NEM stran. ||et_pb_line_break_holder||||et_pb_line_break_holder||Spodaj podrobnosti: ||et_pb_line_break_holder||%%Ime%%: ||et_pb_line_break_holder||%%Email%%: ||et_pb_line_break_holder||%%Telefon%%: ||et_pb_line_break_holder||%%Podjetje%%: ||et_pb_line_break_holder||%%Sporocilo%%: ||et_pb_line_break_holder||||et_pb_line_break_holder||||et_pb_line_break_holder||Pozdrav, https:\/\/cnc-inzeniring.com   &#8220; success_message=&#8220;Vielen Dank f\u00fcr Ihre Nachricht. &#8220; submit_button_text=&#8220;SENDEN &#8220; module_id=&#8220;et_pb_contact_form_0&#8243; _builder_version=&#8220;4.0.6&#8243; form_field_text_color=&#8220;#93999b&#8220; captcha_text_color=&#8220;#000000&#8243; captcha_font_size=&#8220;18px&#8220; form_field_font=&#8220;Open Sans||||||||&#8220; form_field_font_size=&#8220;15px&#8220; custom_button=&#8220;on&#8220; button_text_size=&#8220;20px&#8220; button_text_color=&#8220;rgba(255,255,255,0.9)&#8220; button_bg_color=&#8220;#e02b20&#8243; button_border_width=&#8220;2px&#8220; button_border_color=&#8220;#ffffff&#8220; button_border_radius=&#8220;0px&#8220; button_letter_spacing=&#8220;0px&#8220; button_font=&#8220;||||||||&#8220; button_text_size_phone=&#8220;20px&#8220; button_text_size_last_edited=&#8220;off|desktop&#8220;][et_pb_contact_field field_id=&#8220;Ime&#8220; field_title=&#8220;Name &#8220; _builder_version=&#8220;4.0.6&#8243; button_text_size__hover_enabled=&#8220;off&#8220; button_one_text_size__hover_enabled=&#8220;off&#8220; button_two_text_size__hover_enabled=&#8220;off&#8220; button_text_color__hover_enabled=&#8220;off&#8220; button_one_text_color__hover_enabled=&#8220;off&#8220; button_two_text_color__hover_enabled=&#8220;off&#8220; button_border_width__hover_enabled=&#8220;off&#8220; button_one_border_width__hover_enabled=&#8220;off&#8220; button_two_border_width__hover_enabled=&#8220;off&#8220; button_border_color__hover_enabled=&#8220;off&#8220; button_one_border_color__hover_enabled=&#8220;off&#8220; button_two_border_color__hover_enabled=&#8220;off&#8220; button_border_radius__hover_enabled=&#8220;off&#8220; button_one_border_radius__hover_enabled=&#8220;off&#8220; button_two_border_radius__hover_enabled=&#8220;off&#8220; button_letter_spacing__hover_enabled=&#8220;off&#8220; button_one_letter_spacing__hover_enabled=&#8220;off&#8220; button_two_letter_spacing__hover_enabled=&#8220;off&#8220; button_bg_color__hover_enabled=&#8220;off&#8220; button_one_bg_color__hover_enabled=&#8220;off&#8220; button_two_bg_color__hover_enabled=&#8220;off&#8220;][\/et_pb_contact_field][et_pb_contact_field field_id=&#8220;Email&#8220; field_title=&#8220;E-Mail-Adresse &#8220; field_type=&#8220;email&#8220; _builder_version=&#8220;4.0.6&#8243; button_text_size__hover_enabled=&#8220;off&#8220; button_one_text_size__hover_enabled=&#8220;off&#8220; button_two_text_size__hover_enabled=&#8220;off&#8220; button_text_color__hover_enabled=&#8220;off&#8220; button_one_text_color__hover_enabled=&#8220;off&#8220; button_two_text_color__hover_enabled=&#8220;off&#8220; button_border_width__hover_enabled=&#8220;off&#8220; button_one_border_width__hover_enabled=&#8220;off&#8220; button_two_border_width__hover_enabled=&#8220;off&#8220; button_border_color__hover_enabled=&#8220;off&#8220; button_one_border_color__hover_enabled=&#8220;off&#8220; button_two_border_color__hover_enabled=&#8220;off&#8220; button_border_radius__hover_enabled=&#8220;off&#8220; button_one_border_radius__hover_enabled=&#8220;off&#8220; button_two_border_radius__hover_enabled=&#8220;off&#8220; button_letter_spacing__hover_enabled=&#8220;off&#8220; button_one_letter_spacing__hover_enabled=&#8220;off&#8220; button_two_letter_spacing__hover_enabled=&#8220;off&#8220; button_bg_color__hover_enabled=&#8220;off&#8220; button_one_bg_color__hover_enabled=&#8220;off&#8220; button_two_bg_color__hover_enabled=&#8220;off&#8220;][\/et_pb_contact_field][et_pb_contact_field field_id=&#8220;Telefon&#8220; field_title=&#8220;Telefonnummer &#8220; allowed_symbols=&#8220;numbers&#8220; _builder_version=&#8220;4.0.6&#8243; button_text_size__hover_enabled=&#8220;off&#8220; button_one_text_size__hover_enabled=&#8220;off&#8220; button_two_text_size__hover_enabled=&#8220;off&#8220; button_text_color__hover_enabled=&#8220;off&#8220; button_one_text_color__hover_enabled=&#8220;off&#8220; button_two_text_color__hover_enabled=&#8220;off&#8220; button_border_width__hover_enabled=&#8220;off&#8220; button_one_border_width__hover_enabled=&#8220;off&#8220; button_two_border_width__hover_enabled=&#8220;off&#8220; button_border_color__hover_enabled=&#8220;off&#8220; button_one_border_color__hover_enabled=&#8220;off&#8220; button_two_border_color__hover_enabled=&#8220;off&#8220; button_border_radius__hover_enabled=&#8220;off&#8220; button_one_border_radius__hover_enabled=&#8220;off&#8220; button_two_border_radius__hover_enabled=&#8220;off&#8220; button_letter_spacing__hover_enabled=&#8220;off&#8220; button_one_letter_spacing__hover_enabled=&#8220;off&#8220; button_two_letter_spacing__hover_enabled=&#8220;off&#8220; button_bg_color__hover_enabled=&#8220;off&#8220; button_one_bg_color__hover_enabled=&#8220;off&#8220; button_two_bg_color__hover_enabled=&#8220;off&#8220;][\/et_pb_contact_field][et_pb_contact_field field_id=&#8220;Podjetje&#8220; field_title=&#8220;Die Firma &#8220; allowed_symbols=&#8220;numbers&#8220; required_mark=&#8220;off&#8220; _builder_version=&#8220;4.0.6&#8243; button_text_size__hover_enabled=&#8220;off&#8220; button_one_text_size__hover_enabled=&#8220;off&#8220; button_two_text_size__hover_enabled=&#8220;off&#8220; button_text_color__hover_enabled=&#8220;off&#8220; button_one_text_color__hover_enabled=&#8220;off&#8220; button_two_text_color__hover_enabled=&#8220;off&#8220; button_border_width__hover_enabled=&#8220;off&#8220; button_one_border_width__hover_enabled=&#8220;off&#8220; button_two_border_width__hover_enabled=&#8220;off&#8220; button_border_color__hover_enabled=&#8220;off&#8220; button_one_border_color__hover_enabled=&#8220;off&#8220; button_two_border_color__hover_enabled=&#8220;off&#8220; button_border_radius__hover_enabled=&#8220;off&#8220; button_one_border_radius__hover_enabled=&#8220;off&#8220; button_two_border_radius__hover_enabled=&#8220;off&#8220; button_letter_spacing__hover_enabled=&#8220;off&#8220; button_one_letter_spacing__hover_enabled=&#8220;off&#8220; button_two_letter_spacing__hover_enabled=&#8220;off&#8220; button_bg_color__hover_enabled=&#8220;off&#8220; button_one_bg_color__hover_enabled=&#8220;off&#8220; button_two_bg_color__hover_enabled=&#8220;off&#8220;][\/et_pb_contact_field][et_pb_contact_field field_id=&#8220;Sporocilo&#8220; field_title=&#8220;Deine Nachricht &#8220; field_type=&#8220;text&#8220; fullwidth_field=&#8220;on&#8220; _builder_version=&#8220;4.0.6&#8243; button_text_size__hover_enabled=&#8220;off&#8220; button_one_text_size__hover_enabled=&#8220;off&#8220; button_two_text_size__hover_enabled=&#8220;off&#8220; button_text_color__hover_enabled=&#8220;off&#8220; button_one_text_color__hover_enabled=&#8220;off&#8220; button_two_text_color__hover_enabled=&#8220;off&#8220; button_border_width__hover_enabled=&#8220;off&#8220; button_one_border_width__hover_enabled=&#8220;off&#8220; button_two_border_width__hover_enabled=&#8220;off&#8220; button_border_color__hover_enabled=&#8220;off&#8220; button_one_border_color__hover_enabled=&#8220;off&#8220; button_two_border_color__hover_enabled=&#8220;off&#8220; button_border_radius__hover_enabled=&#8220;off&#8220; button_one_border_radius__hover_enabled=&#8220;off&#8220; button_two_border_radius__hover_enabled=&#8220;off&#8220; button_letter_spacing__hover_enabled=&#8220;off&#8220; button_one_letter_spacing__hover_enabled=&#8220;off&#8220; button_two_letter_spacing__hover_enabled=&#8220;off&#8220; button_bg_color__hover_enabled=&#8220;off&#8220; button_one_bg_color__hover_enabled=&#8220;off&#8220; button_two_bg_color__hover_enabled=&#8220;off&#8220;][\/et_pb_contact_field][\/et_pb_contact_form][\/et_pb_column][\/et_pb_row][et_pb_row use_custom_gutter=&#8220;on&#8220; gutter_width=&#8220;1&#8243; disabled_on=&#8220;on|off|off&#8220; module_class=&#8220; et_pb_row_fullwidth&#8220; _builder_version=&#8220;3.25&#8243; width=&#8220;100%&#8220; width_tablet=&#8220;100%&#8220; width_phone=&#8220;&#8220; width_last_edited=&#8220;on|desktop&#8220; max_width=&#8220;100%&#8220; max_width_tablet=&#8220;100%&#8220; max_width_phone=&#8220;&#8220; max_width_last_edited=&#8220;on|desktop&#8220; make_fullwidth=&#8220;on&#8220; locked=&#8220;off&#8220;][et_pb_column type=&#8220;4_4&#8243; _builder_version=&#8220;3.25&#8243; custom_padding=&#8220;|||&#8220; custom_padding__hover=&#8220;|||&#8220;][et_pb_text _builder_version=&#8220;4.0.6&#8243; text_font=&#8220;Josefin Sans|700||on|||||&#8220; text_text_color=&#8220;rgba(255,255,255,0.2)&#8220; text_font_size=&#8220;15vw&#8220; text_line_height=&#8220;1em&#8220; quote_font=&#8220;||||||||&#8220; header_font=&#8220;||||||||&#8220; custom_margin=&#8220;||-0.4em|&#8220; custom_padding=&#8220;|||&#8220; filter_blur=&#8220;7px&#8220; animation_style=&#8220;slide&#8220; animation_direction=&#8220;right&#8220; animation_duration=&#8220;10000ms&#8220; animation_intensity_slide=&#8220;10%&#8220; animation_starting_opacity=&#8220;40%&#8220; animation_speed_curve=&#8220;linear&#8220; text_font_size_tablet=&#8220;124px&#8220; text_font_size_phone=&#8220;90px&#8220; text_font_size_last_edited=&#8220;off|desktop&#8220;][\/et_pb_text][\/et_pb_column][\/et_pb_row][\/et_pb_section][et_pb_section fb_built=&#8220;1&#8243; admin_label=&#8220;Services&#8220; _builder_version=&#8220;3.22&#8243; custom_padding=&#8220;54px|0px|54px|0|false|false&#8220;][et_pb_row column_structure=&#8220;2_3,1_3&#8243; _builder_version=&#8220;3.25&#8243; custom_padding=&#8220;30px|0px|0|0px|false|false&#8220;][et_pb_column type=&#8220;2_3&#8243; _builder_version=&#8220;3.25&#8243; custom_padding=&#8220;|||&#8220; custom_padding__hover=&#8220;|||&#8220;][et_pb_text _builder_version=&#8220;4.6.6&#8243; text_font=&#8220;Open Sans||||||||&#8220; text_line_height=&#8220;1.8em&#8220; link_font=&#8220;||||on||||&#8220; link_text_color=&#8220;#bdad9b&#8220; header_font=&#8220;||||||||&#8220; header_3_font=&#8220;Josefin Sans|600|||||||&#8220; header_3_font_size=&#8220;20px&#8220; header_4_font=&#8220;||||||||&#8220; header_5_font=&#8220;||||||||&#8220; header_6_font=&#8220;||||||||&#8220; custom_margin=&#8220;||40px|&#8220; locked=&#8220;off&#8220;]<\/p>\n<h3><span class=\"tlid-translation translation\" lang=\"de\" tabindex=\"-1\"><span class=\"\" title=\"\">Visitenkarte<\/span><\/span><\/h3>\n<p><span class=\"\" title=\"\"><strong>Firmenname:<\/strong> AB ANDOL\u0160EK ALE\u0160, CNC-ENGINEERING S.P.<\/span><br \/><span title=\"\"><strong>Kurzname:<\/strong> AB Andol\u0161ek Ale\u0161 s.p.<\/span><\/p>\n<p><span title=\"\"><strong>Adresse:<\/strong> Ul.<\/span> <span title=\"\">Franca Mlakar 1, 1000 Ljubljana, SLOWENIEN<\/span><\/p>\n<p><span title=\"\"><strong>Umsatzsteuer-Identifikationsnummer:<\/strong> SI 76077730<\/span><br \/><span class=\"\" title=\"\"><strong>Registrierungsnummer:<\/strong> 6348661000<\/span><br \/><span title=\"\"><strong>Transaktionskonto:<\/strong> 020590260373986<\/span><\/p>\n<p><span class=\"\" title=\"\"><strong>I-BAN:<\/strong> SI56 0205 9026 0373 986<\/span><\/p>\n<p><span class=\"\" title=\"\"><strong>Bank Name:<\/strong> NLB BANKA d.d.<\/span><br \/><span class=\"\" title=\"\"><strong>Ansprechpartner:<\/strong> Andol\u0161ek Ale\u0161<\/span><\/p>\n<p><span title=\"\"><strong>Telefon:<\/strong> +386 (0) 31 677 264<\/span><\/p>\n<p><span class=\"\" title=\"\"><strong>E-Mail:<\/strong> <a href=\"mailto:info@cnc-inzeniring.com\">info@cnc-inzeniring.com<\/a><\/span><\/p>\n<p>[\/et_pb_text][\/et_pb_column][et_pb_column type=&#8220;1_3&#8243; _builder_version=&#8220;3.25&#8243; custom_padding=&#8220;|||&#8220; custom_padding__hover=&#8220;|||&#8220;][\/et_pb_column][\/et_pb_row][\/et_pb_section][et_pb_section fb_built=&#8220;1&#8243; fullwidth=&#8220;on&#8220; _builder_version=&#8220;4.0.3&#8243;][et_pb_fullwidth_map address=&#8220;Ulica Franca Mlakarja 1, 1000 Ljubljana, Slovenija&#8220; address_lat=&#8220;46.0729224&#8243; address_lng=&#8220;14.466453&#8243; _builder_version=&#8220;4.0.3&#8243;][et_pb_map_pin title=&#8220;CNC Inzeniring &#8220; pin_address=&#8220;Ulica Franca Mlakarja 1, 1000 Ljubljana, Slovenija&#8220; zoom_level=&#8220;13&#8243; pin_address_lat=&#8220;46.0729224&#8243; pin_address_lng=&#8220;14.466453&#8243; _builder_version=&#8220;4.0.3&#8243;][\/et_pb_map_pin][\/et_pb_fullwidth_map][\/et_pb_section][et_pb_section fb_built=&#8220;1&#8243; admin_label=&#8220;Footer&#8220; _builder_version=&#8220;3.22&#8243;][et_pb_row column_structure=&#8220;1_3,1_3,1_3&#8243; _builder_version=&#8220;3.25&#8243; custom_padding=&#8220;|||&#8220;][et_pb_column type=&#8220;1_3&#8243; _builder_version=&#8220;3.25&#8243; custom_padding=&#8220;|||&#8220; custom_padding__hover=&#8220;|||&#8220;][et_pb_blurb title=&#8220;Title &#8220; use_icon=&#8220;on&#8220; font_icon=&#8220;%%236%%&#8220; icon_color=&#8220;#f47a55&#8243; use_icon_font_size=&#8220;on&#8220; icon_font_size=&#8220;32px&#8220; _builder_version=&#8220;4.0.11&#8243; header_font=&#8220;Josefin Sans|700||on|||||&#8220; header_text_align=&#8220;center&#8220; body_font=&#8220;Open Sans||||||||&#8220; body_text_align=&#8220;center&#8220;]<\/p>\n<p>Ul. Franca Mlakarja 1<br \/> 1000 Ljubljana, SLOVENIJA<\/p>\n<p>[\/et_pb_blurb][\/et_pb_column][et_pb_column type=&#8220;1_3&#8243; _builder_version=&#8220;3.25&#8243; custom_padding=&#8220;|||&#8220; custom_padding__hover=&#8220;|||&#8220;][et_pb_blurb title=&#8220;Telefon &#8220; use_icon=&#8220;on&#8220; font_icon=&#8220;%%264%%&#8220; icon_color=&#8220;#f47a55&#8243; use_icon_font_size=&#8220;on&#8220; icon_font_size=&#8220;32px&#8220; _builder_version=&#8220;4.0.11&#8243; header_font=&#8220;Josefin Sans|700||on|||||&#8220; header_text_align=&#8220;center&#8220; body_font=&#8220;Open Sans||||||||&#8220; body_text_align=&#8220;center&#8220; animation_style=&#8220;fold&#8220; animation_direction=&#8220;left&#8220; animation_delay=&#8220;200ms&#8220; animation_intensity_fold=&#8220;20%&#8220;]<\/p>\n<p>+386 (0)31 677 264\u00a0<\/p>\n<p>[\/et_pb_blurb][\/et_pb_column][et_pb_column type=&#8220;1_3&#8243; _builder_version=&#8220;3.25&#8243; custom_padding=&#8220;|||&#8220; custom_padding__hover=&#8220;|||&#8220;][et_pb_blurb title=&#8220;E-TITLE &#8220; use_icon=&#8220;on&#8220; font_icon=&#8220;%%238%%&#8220; icon_color=&#8220;#f47a55&#8243; use_icon_font_size=&#8220;on&#8220; icon_font_size=&#8220;32px&#8220; _builder_version=&#8220;4.0.11&#8243; header_font=&#8220;Josefin Sans|700||on|||||&#8220; header_text_align=&#8220;center&#8220; body_font=&#8220;Open Sans||||||||&#8220; body_text_align=&#8220;center&#8220; animation_style=&#8220;fold&#8220; animation_direction=&#8220;left&#8220; animation_delay=&#8220;200ms&#8220; animation_intensity_fold=&#8220;20%&#8220;]<\/p>\n<p><a href=\"mailto:info@cnc-inzeniring.com\">info@cnc-inzeniring.com<\/a><\/p>\n<p>[\/et_pb_blurb][\/et_pb_column][\/et_pb_row][\/et_pb_section]<\/p>\n","protected":false},"excerpt":{"rendered":"<p>KontaktformularVisitenkarte Firmenname: AB ANDOL\u0160EK ALE\u0160, CNC-ENGINEERING S.P.Kurzname: AB Andol\u0161ek Ale\u0161 s.p. Adresse: Ul. Franca Mlakar 1, 1000 Ljubljana, SLOWENIEN Umsatzsteuer-Identifikationsnummer: SI 76077730Registrierungsnummer: 6348661000Transaktionskonto: 020590260373986 I-BAN: SI56 0205 9026 0373 986 Bank Name: NLB BANKA d.d.Ansprechpartner: Andol\u0161ek Ale\u0161 Telefon: +386 (0) 31 677 264 E-Mail: info@cnc-inzeniring.comUl. Franca Mlakarja 1 1000 Ljubljana, SLOVENIJA+386 (0)31 677 264\u00a0info@cnc-inzeniring.com<\/p>\n","protected":false},"author":1,"featured_media":0,"parent":0,"menu_order":0,"comment_status":"closed","ping_status":"closed","template":"","meta":{"_et_pb_use_builder":"on","_et_pb_old_content":"","_et_gb_content_width":"","om_disable_all_campaigns":false,"_monsterinsights_skip_tracking":false,"_monsterinsights_sitenote_active":false,"_monsterinsights_sitenote_note":"","_monsterinsights_sitenote_category":0},"aioseo_notices":[],"yoast_head":"<!-- This site is optimized with the Yoast SEO plugin v17.8 - https:\/\/yoast.com\/wordpress\/plugins\/seo\/ -->\n<title>Kontakt | CNC - Inzeniring AB Andolsek<\/title>\n<meta name=\"description\" content=\"Firmenname: AB ANDOL\u0160EK ALE\u0160, CNC-ENGINEERING S.P. Kurzname: AB Andol\u0161ek Ale\u0161 s.p. Spezialisiert auf Pr\u00e4zisionsfr\u00e4sen auf CNC...\" \/>\n<meta name=\"robots\" content=\"index, follow, max-snippet:-1, max-image-preview:large, max-video-preview:-1\" \/>\n<link rel=\"canonical\" href=\"https:\/\/cnc-inzeniring.com\/de\/kontakt\/\" \/>\n<meta property=\"og:locale\" content=\"de_DE\" \/>\n<meta property=\"og:type\" content=\"article\" \/>\n<meta property=\"og:title\" content=\"Kontakt | CNC - Inzeniring AB Andolsek\" \/>\n<meta property=\"og:description\" content=\"Firmenname: AB ANDOL\u0160EK ALE\u0160, CNC-ENGINEERING S.P. Kurzname: AB Andol\u0161ek Ale\u0161 s.p. Spezialisiert auf Pr\u00e4zisionsfr\u00e4sen auf CNC...\" \/>\n<meta property=\"og:url\" content=\"https:\/\/cnc-inzeniring.com\/de\/kontakt\/\" \/>\n<meta property=\"og:site_name\" content=\"CNC - Inzeniring AB Andolsek\" \/>\n<meta property=\"article:modified_time\" content=\"2020-11-05T09:54:19+00:00\" \/>\n<meta name=\"twitter:card\" content=\"summary_large_image\" \/>\n<meta name=\"twitter:label1\" content=\"Gesch\u00e4tzte Lesezeit\" \/>\n\t<meta name=\"twitter:data1\" content=\"9 Minuten\" \/>\n<script type=\"application\/ld+json\" class=\"yoast-schema-graph\">{\"@context\":\"https:\/\/schema.org\",\"@graph\":[{\"@type\":\"WebSite\",\"@id\":\"https:\/\/cnc-inzeniring.com\/#website\",\"url\":\"https:\/\/cnc-inzeniring.com\/\",\"name\":\"CNC - Inzeniring AB Andolsek\",\"description\":\"Specializirani za precizno rezkanje izdelkov na CNC obdelovalnih centrih.\",\"potentialAction\":[{\"@type\":\"SearchAction\",\"target\":{\"@type\":\"EntryPoint\",\"urlTemplate\":\"https:\/\/cnc-inzeniring.com\/?s={search_term_string}\"},\"query-input\":\"required name=search_term_string\"}],\"inLanguage\":\"de-DE\"},{\"@type\":\"WebPage\",\"@id\":\"https:\/\/cnc-inzeniring.com\/de\/kontakt\/#webpage\",\"url\":\"https:\/\/cnc-inzeniring.com\/de\/kontakt\/\",\"name\":\"Kontakt | CNC - Inzeniring AB Andolsek\",\"isPartOf\":{\"@id\":\"https:\/\/cnc-inzeniring.com\/#website\"},\"datePublished\":\"2019-10-18T12:01:39+00:00\",\"dateModified\":\"2020-11-05T09:54:19+00:00\",\"description\":\"Firmenname: AB ANDOL\\u0160EK ALE\\u0160, CNC-ENGINEERING S.P. Kurzname: AB Andol\\u0161ek Ale\\u0161 s.p. Spezialisiert auf Pr\\u00e4zisionsfr\\u00e4sen auf CNC...\",\"breadcrumb\":{\"@id\":\"https:\/\/cnc-inzeniring.com\/de\/kontakt\/#breadcrumb\"},\"inLanguage\":\"de-DE\",\"potentialAction\":[{\"@type\":\"ReadAction\",\"target\":[\"https:\/\/cnc-inzeniring.com\/de\/kontakt\/\"]}]},{\"@type\":\"BreadcrumbList\",\"@id\":\"https:\/\/cnc-inzeniring.com\/de\/kontakt\/#breadcrumb\",\"itemListElement\":[{\"@type\":\"ListItem\",\"position\":1,\"name\":\"Home\",\"item\":\"https:\/\/cnc-inzeniring.com\/de\/\"},{\"@type\":\"ListItem\",\"position\":2,\"name\":\"Kontakt\"}]}]}<\/script>\n<!-- \/ Yoast SEO plugin. -->","yoast_head_json":{"title":"Kontakt | CNC - Inzeniring AB Andolsek","description":"Firmenname: AB ANDOL\u0160EK ALE\u0160, CNC-ENGINEERING S.P. Kurzname: AB Andol\u0161ek Ale\u0161 s.p. Spezialisiert auf Pr\u00e4zisionsfr\u00e4sen auf CNC...","robots":{"index":"index","follow":"follow","max-snippet":"max-snippet:-1","max-image-preview":"max-image-preview:large","max-video-preview":"max-video-preview:-1"},"canonical":"https:\/\/cnc-inzeniring.com\/de\/kontakt\/","og_locale":"de_DE","og_type":"article","og_title":"Kontakt | CNC - Inzeniring AB Andolsek","og_description":"Firmenname: AB ANDOL\u0160EK ALE\u0160, CNC-ENGINEERING S.P. Kurzname: AB Andol\u0161ek Ale\u0161 s.p. Spezialisiert auf Pr\u00e4zisionsfr\u00e4sen auf CNC...","og_url":"https:\/\/cnc-inzeniring.com\/de\/kontakt\/","og_site_name":"CNC - Inzeniring AB Andolsek","article_modified_time":"2020-11-05T09:54:19+00:00","twitter_card":"summary_large_image","twitter_misc":{"Gesch\u00e4tzte Lesezeit":"9 Minuten"},"schema":{"@context":"https:\/\/schema.org","@graph":[{"@type":"WebSite","@id":"https:\/\/cnc-inzeniring.com\/#website","url":"https:\/\/cnc-inzeniring.com\/","name":"CNC - Inzeniring AB Andolsek","description":"Specializirani za precizno rezkanje izdelkov na CNC obdelovalnih centrih.","potentialAction":[{"@type":"SearchAction","target":{"@type":"EntryPoint","urlTemplate":"https:\/\/cnc-inzeniring.com\/?s={search_term_string}"},"query-input":"required name=search_term_string"}],"inLanguage":"de-DE"},{"@type":"WebPage","@id":"https:\/\/cnc-inzeniring.com\/de\/kontakt\/#webpage","url":"https:\/\/cnc-inzeniring.com\/de\/kontakt\/","name":"Kontakt | CNC - Inzeniring AB Andolsek","isPartOf":{"@id":"https:\/\/cnc-inzeniring.com\/#website"},"datePublished":"2019-10-18T12:01:39+00:00","dateModified":"2020-11-05T09:54:19+00:00","description":"Firmenname: AB ANDOL\u0160EK ALE\u0160, CNC-ENGINEERING S.P. Kurzname: AB Andol\u0161ek Ale\u0161 s.p. Spezialisiert auf Pr\u00e4zisionsfr\u00e4sen auf CNC...","breadcrumb":{"@id":"https:\/\/cnc-inzeniring.com\/de\/kontakt\/#breadcrumb"},"inLanguage":"de-DE","potentialAction":[{"@type":"ReadAction","target":["https:\/\/cnc-inzeniring.com\/de\/kontakt\/"]}]},{"@type":"BreadcrumbList","@id":"https:\/\/cnc-inzeniring.com\/de\/kontakt\/#breadcrumb","itemListElement":[{"@type":"ListItem","position":1,"name":"Home","item":"https:\/\/cnc-inzeniring.com\/de\/"},{"@type":"ListItem","position":2,"name":"Kontakt"}]}]}},"_links":{"self":[{"href":"https:\/\/cnc-inzeniring.com\/de\/wp-json\/wp\/v2\/pages\/527"}],"collection":[{"href":"https:\/\/cnc-inzeniring.com\/de\/wp-json\/wp\/v2\/pages"}],"about":[{"href":"https:\/\/cnc-inzeniring.com\/de\/wp-json\/wp\/v2\/types\/page"}],"author":[{"embeddable":true,"href":"https:\/\/cnc-inzeniring.com\/de\/wp-json\/wp\/v2\/users\/1"}],"replies":[{"embeddable":true,"href":"https:\/\/cnc-inzeniring.com\/de\/wp-json\/wp\/v2\/comments?post=527"}],"version-history":[{"count":5,"href":"https:\/\/cnc-inzeniring.com\/de\/wp-json\/wp\/v2\/pages\/527\/revisions"}],"predecessor-version":[{"id":1005,"href":"https:\/\/cnc-inzeniring.com\/de\/wp-json\/wp\/v2\/pages\/527\/revisions\/1005"}],"wp:attachment":[{"href":"https:\/\/cnc-inzeniring.com\/de\/wp-json\/wp\/v2\/media?parent=527"}],"curies":[{"name":"wp","href":"https:\/\/api.w.org\/{rel}","templated":true}]}}