{"id":546,"date":"2019-10-18T13:00:34","date_gmt":"2019-10-18T13:00:34","guid":{"rendered":"https:\/\/cnc-inzeniring.com\/izdelki\/"},"modified":"2020-03-31T21:01:39","modified_gmt":"2020-03-31T21:01:39","slug":"produkte","status":"publish","type":"page","link":"https:\/\/cnc-inzeniring.com\/de\/produkte\/","title":{"rendered":"Produkte"},"content":{"rendered":"<p>[et_pb_section fb_built=&#8220;1&#8243; admin_label=&#8220;Hero&#8220; _builder_version=&#8220;4.0.6&#8243; background_enable_color=&#8220;off&#8220; use_background_color_gradient=&#8220;on&#8220; background_color_gradient_start=&#8220;rgba(40,61,75,0.28)&#8220; background_color_gradient_end=&#8220;rgba(128,103,79,0.5)&#8220; background_color_gradient_direction=&#8220;70deg&#8220; background_color_gradient_overlays_image=&#8220;on&#8220; background_image=&#8220;https:\/\/cnc-inzeniring.com\/wp-content\/uploads\/2019\/11\/galerija_slik_glavni_header.jpg&#8220; custom_margin=&#8220;||3%|&#8220; custom_padding=&#8220;6vw|||&#8220; bottom_divider_style=&#8220;mountains2&#8243; bottom_divider_color=&#8220;#ffffff&#8220; bottom_divider_height=&#8220;20vw&#8220; bottom_divider_repeat=&#8220;0.5x&#8220; bottom_divider_flip=&#8220;horizontal|vertical&#8220;][et_pb_row _builder_version=&#8220;3.25&#8243; custom_margin=&#8220;|||&#8220; custom_padding=&#8220;27px|0px|0|0px|false|false&#8220;][et_pb_column type=&#8220;4_4&#8243; _builder_version=&#8220;3.25&#8243; custom_padding=&#8220;|||&#8220; custom_padding__hover=&#8220;|||&#8220;][et_pb_text _builder_version=&#8220;4.0.11&#8243; text_font=&#8220;||||||||&#8220; header_font=&#8220;Josefin Sans|700|||||||&#8220; header_font_size=&#8220;60px&#8220; header_line_height=&#8220;1.4em&#8220; header_2_font=&#8220;Josefin Sans||||||||&#8220; header_2_text_color=&#8220;rgba(255,255,255,0.6)&#8220; header_2_font_size=&#8220;32px&#8220; header_2_line_height=&#8220;1.4em&#8220; background_layout=&#8220;dark&#8220; custom_padding=&#8220;||15vw||false|false&#8220; animation_style=&#8220;slide&#8220; animation_direction=&#8220;right&#8220; animation_intensity_slide=&#8220;4%&#8220; hover_enabled=&#8220;0&#8243; header_font_size_tablet=&#8220;50px&#8220; header_font_size_phone=&#8220;32px&#8220; header_font_size_last_edited=&#8220;on|desktop&#8220; header_2_font_size_tablet=&#8220;&#8220; header_2_font_size_phone=&#8220;24px&#8220; header_2_font_size_last_edited=&#8220;on|phone&#8220;]<\/p>\n<h1><span class=\"tlid-translation translation\" lang=\"de\"><span class=\"\" title=\"\">Produkte\u00a0<\/span><\/span><\/h1>\n<h2>\u00a0<\/h2>\n<p>[\/et_pb_text][\/et_pb_column][\/et_pb_row][et_pb_row use_custom_gutter=&#8220;on&#8220; gutter_width=&#8220;1&#8243; disabled_on=&#8220;on|off|off&#8220; module_class=&#8220; et_pb_row_fullwidth&#8220; _builder_version=&#8220;4.0.6&#8243; background_enable_color=&#8220;off&#8220; width=&#8220;100%&#8220; width_tablet=&#8220;100%&#8220; width_phone=&#8220;&#8220; width_last_edited=&#8220;on|desktop&#8220; max_width=&#8220;100%&#8220; max_width_tablet=&#8220;100%&#8220; max_width_phone=&#8220;&#8220; max_width_last_edited=&#8220;on|desktop&#8220; make_fullwidth=&#8220;on&#8220; locked=&#8220;off&#8220;][et_pb_column type=&#8220;4_4&#8243; _builder_version=&#8220;3.25&#8243; custom_padding=&#8220;|||&#8220; custom_padding__hover=&#8220;|||&#8220;][et_pb_text _builder_version=&#8220;4.0.6&#8243; text_font=&#8220;Josefin Sans|700||on|||||&#8220; text_text_color=&#8220;rgba(255,255,255,0.2)&#8220; text_font_size=&#8220;16vw&#8220; text_line_height=&#8220;1em&#8220; quote_font=&#8220;||||||||&#8220; header_font=&#8220;||||||||&#8220; custom_margin=&#8220;||-0.4em|&#8220; custom_padding=&#8220;|||&#8220; filter_blur=&#8220;7px&#8220; animation_style=&#8220;slide&#8220; animation_direction=&#8220;right&#8220; animation_duration=&#8220;10000ms&#8220; animation_intensity_slide=&#8220;10%&#8220; animation_starting_opacity=&#8220;40%&#8220; animation_speed_curve=&#8220;linear&#8220; text_font_size_tablet=&#8220;124px&#8220; text_font_size_phone=&#8220;90px&#8220; text_font_size_last_edited=&#8220;off|desktop&#8220;][\/et_pb_text][\/et_pb_column][\/et_pb_row][\/et_pb_section][et_pb_section fb_built=&#8220;1&#8243; admin_label=&#8220;Napis zgoraj &#8220; module_id=&#8220;o-nas&#8220; _builder_version=&#8220;4.0.6&#8243; background_enable_color=&#8220;off&#8220; width=&#8220;100%&#8220; max_width=&#8220;100%&#8220; min_height=&#8220;100%&#8220; custom_padding=&#8220;54px|0px|54px|0|false|false&#8220;][et_pb_row use_custom_gutter=&#8220;on&#8220; gutter_width=&#8220;1&#8243; make_equal=&#8220;on&#8220; _builder_version=&#8220;4.0.6&#8243; width=&#8220;100%&#8220; max_width=&#8220;1440px&#8220; custom_padding=&#8220;30px|30px|0|30px|false|false&#8220;][et_pb_column type=&#8220;4_4&#8243; _builder_version=&#8220;3.25&#8243; custom_padding=&#8220;|||&#8220; custom_padding__hover=&#8220;|||&#8220;][et_pb_text _builder_version=&#8220;4.0.11&#8243; header_font=&#8220;|700|||||||&#8220; header_font_size=&#8220;34px&#8220; header_2_font=&#8220;|600|||||||&#8220; header_2_text_align=&#8220;center&#8220; header_2_text_color=&#8220;#000000&#8243; header_2_font_size=&#8220;18px&#8220; header_2_letter_spacing=&#8220;2px&#8220; header_2_line_height=&#8220;1.2em&#8220;]<\/p>\n<div class=\"et_pb_module et_pb_text et_pb_text_2 et_pb_bg_layout_light  et_pb_text_align_left et_had_animation\">\n<div class=\"et_pb_text_inner\">\n<h2>Unser Hauptgesch\u00e4ft ist die Produktion von Teilen, von den weniger anspruchsvollen bis zu den sehr komplexen, wo wir die Bed\u00fcrfnisse unserer Kunden bedienen. Alle Produkte werden mit hoher Pr\u00e4zision und Qualit\u00e4t hergestellt. <\/h2>\n<\/div>\n<\/div>\n<p>[\/et_pb_text][\/et_pb_column][\/et_pb_row][\/et_pb_section][et_pb_section fb_built=&#8220;1&#8243; _builder_version=&#8220;4.0.6&#8243; width=&#8220;100%&#8220; max_width=&#8220;100%&#8220;][et_pb_row column_structure=&#8220;1_4,1_4,1_4,1_4&#8243; use_custom_gutter=&#8220;on&#8220; gutter_width=&#8220;2&#8243; make_equal=&#8220;on&#8220; _builder_version=&#8220;4.0.6&#8243; width=&#8220;90%&#8220; max_width=&#8220;90%&#8220; custom_padding=&#8220;|10px||10px|false|false&#8220;][et_pb_column type=&#8220;1_4&#8243; _builder_version=&#8220;4.0.6&#8243;][et_pb_button button_url=&#8220;https:\/\/cnc-inzeniring.com\/de\/produkte\/#medizin&#8220; button_text=&#8220;MEDIZIN, PR\u00c4ZISION MECHANISCHES GEB\u00c4UDE &#8220; button_alignment=&#8220;center&#8220; _builder_version=&#8220;4.0.11&#8243; custom_button=&#8220;on&#8220; button_text_size=&#8220;20px&#8220; button_text_color=&#8220;#000000&#8243; button_bg_color=&#8220;rgba(0,0,0,0)&#8220; button_border_color=&#8220;#e02b20&#8243; button_icon_color=&#8220;#e02b20&#8243; custom_padding=&#8220;5px|5px|5px|5px|false|false&#8220; custom_css_main_element=&#8220; min-width: 100%;||min-height: 92px;||text-align: center;&#8220;][\/et_pb_button][\/et_pb_column][et_pb_column type=&#8220;1_4&#8243; _builder_version=&#8220;4.0.6&#8243;][et_pb_button button_url=&#8220;https:\/\/cnc-inzeniring.com\/de\/produkte\/#werkzeuge&#8220; button_text=&#8220;WERKZEUGE, FLUGZEUGINDUSTRIE &#8220; button_alignment=&#8220;center&#8220; _builder_version=&#8220;4.0.11&#8243; custom_button=&#8220;on&#8220; button_text_size=&#8220;20px&#8220; button_text_color=&#8220;#000000&#8243; button_bg_color=&#8220;#ffffff&#8220; button_border_color=&#8220;#e02b20&#8243; button_icon_color=&#8220;#e02b20&#8243; custom_padding=&#8220;5px|5px|5px|5px|false|false&#8220; custom_css_main_element=&#8220; min-width: 100%;||min-height: 92px;||text-align: center;&#8220;][\/et_pb_button][\/et_pb_column][et_pb_column type=&#8220;1_4&#8243; _builder_version=&#8220;4.0.6&#8243;][et_pb_button button_url=&#8220;https:\/\/cnc-inzeniring.com\/de\/produkte\/#montagen&#8220; button_text=&#8220;MONTAGEN &#8220; button_alignment=&#8220;center&#8220; _builder_version=&#8220;4.0.11&#8243; custom_button=&#8220;on&#8220; button_text_size=&#8220;20px&#8220; button_text_color=&#8220;#000000&#8243; button_bg_color=&#8220;#ffffff&#8220; button_border_color=&#8220;#e02b20&#8243; button_icon_color=&#8220;#e02b20&#8243; custom_padding=&#8220;5px|5px|5px|5px|false|false&#8220; custom_css_main_element=&#8220; min-width: 100%;||min-height: 92px;||text-align: center;&#8220;][\/et_pb_button][\/et_pb_column][et_pb_column type=&#8220;1_4&#8243; _builder_version=&#8220;4.0.6&#8243;][et_pb_button button_url=&#8220;https:\/\/cnc-inzeniring.com\/de\/produkte\/#strojegradnja&#8220; button_text=&#8220;MASCHINENBAU &#8220; button_alignment=&#8220;center&#8220; _builder_version=&#8220;4.0.11&#8243; custom_button=&#8220;on&#8220; button_text_size=&#8220;20px&#8220; button_text_color=&#8220;#000000&#8243; button_bg_color=&#8220;#ffffff&#8220; button_border_color=&#8220;#e02b20&#8243; button_icon_color=&#8220;#e02b20&#8243; custom_padding=&#8220;5px|5px|5px|5px|false|false&#8220; custom_css_main_element=&#8220; min-width: 100%;||min-height: 92px;||text-align: center;&#8220;][\/et_pb_button][\/et_pb_column][\/et_pb_row][\/et_pb_section][et_pb_section fb_built=&#8220;1&#8243; admin_label=&#8220;Galerija &#8211; medicina &#8220; module_id=&#8220;medizin&#8220; _builder_version=&#8220;4.0.11&#8243; width=&#8220;90%&#8220; max_width=&#8220;90%&#8220; module_alignment=&#8220;center&#8220; min_height=&#8220;100%&#8220; custom_padding=&#8220;0px|0px|3px|0|false|false&#8220;][et_pb_row use_custom_gutter=&#8220;on&#8220; gutter_width=&#8220;2&#8243; make_equal=&#8220;on&#8220; _builder_version=&#8220;4.0.6&#8243; background_color=&#8220;#bdad9b&#8220; width=&#8220;100%&#8220; max_width=&#8220;1440px&#8220; custom_margin=&#8220;-5px|auto||auto|false|false&#8220; custom_padding=&#8220;40px|30px|40px|30px|false|false&#8220;][et_pb_column type=&#8220;4_4&#8243; _builder_version=&#8220;3.25&#8243; custom_padding=&#8220;|||&#8220; custom_padding__hover=&#8220;|||&#8220;][et_pb_text _builder_version=&#8220;4.0.11&#8243; text_font=&#8220;|600|||||||&#8220; text_text_color=&#8220;#000000&#8243; text_font_size=&#8220;18px&#8220; header_font=&#8220;|700|||||||&#8220; header_font_size=&#8220;22px&#8220;]<\/p>\n<div class=\"et_pb_module et_pb_text et_pb_text_2 et_pb_bg_layout_light et_pb_text_align_left et_had_animation\">\n<div class=\"et_pb_text_inner\">\n<p>MEDIZIN, PR\u00c4ZISION MECHANISCHES GEB\u00c4UDE<\/p>\n<\/div>\n<\/div>\n<p>[\/et_pb_text][et_pb_gallery gallery_ids=&#8220;718,721,724,727,730,733&#8243; posts_number=&#8220;10&#8243; show_title_and_caption=&#8220;off&#8220; show_pagination=&#8220;off&#8220; _builder_version=&#8220;4.0.6&#8243;][\/et_pb_gallery][\/et_pb_column][\/et_pb_row][\/et_pb_section][et_pb_section fb_built=&#8220;1&#8243; admin_label=&#8220;Galerija &#8211; orodjarstvo, letalska    &#8220; module_id=&#8220;werkzeuge&#8220; _builder_version=&#8220;4.0.11&#8243; width=&#8220;90%&#8220; max_width=&#8220;90%&#8220; module_alignment=&#8220;center&#8220; min_height=&#8220;100%&#8220; custom_padding=&#8220;0px|0px|3px|0|false|false&#8220;][et_pb_row use_custom_gutter=&#8220;on&#8220; gutter_width=&#8220;2&#8243; make_equal=&#8220;on&#8220; _builder_version=&#8220;4.0.6&#8243; background_color=&#8220;#546180 &#8220; width=&#8220;100%&#8220; max_width=&#8220;1440px&#8220; custom_margin=&#8220;-5px|auto||auto|false|false&#8220; custom_padding=&#8220;40px|30px|40px|30px|false|false&#8220;][et_pb_column type=&#8220;4_4&#8243; _builder_version=&#8220;3.25&#8243; custom_padding=&#8220;|||&#8220; custom_padding__hover=&#8220;|||&#8220;][et_pb_text _builder_version=&#8220;4.0.11&#8243; text_font=&#8220;|600|||||||&#8220; text_text_color=&#8220;#000000&#8243; text_font_size=&#8220;18px&#8220; header_font=&#8220;|700|||||||&#8220; header_font_size=&#8220;22px&#8220;]<\/p>\n<div class=\"et_pb_module et_pb_text et_pb_text_2 et_pb_bg_layout_light et_pb_text_align_left et_had_animation\">\n<div class=\"et_pb_text_inner\">\n<div class=\"et_pb_module et_pb_text et_pb_text_4 et_pb_bg_layout_light et_pb_text_align_left et_had_animation\">\n<div class=\"et_pb_text_inner\">\n<div class=\"et_pb_module et_pb_text et_pb_text_5 et_pb_bg_layout_light et_pb_text_align_left et_had_animation\">\n<div class=\"et_pb_text_inner\">\n<p>WERKZEUGE, FLUGZEUGINDUSTRIE <\/p>\n<\/div>\n<\/div>\n<\/div>\n<\/div>\n<\/div>\n<\/div>\n<p>[\/et_pb_text][et_pb_gallery gallery_ids=&#8220;797,798,799,800,801,802&#8243; posts_number=&#8220;22&#8243; show_title_and_caption=&#8220;off&#8220; show_pagination=&#8220;off&#8220; _builder_version=&#8220;4.0.6&#8243; width=&#8220;100%&#8220; max_width=&#8220;100%&#8220; min_height=&#8220;100%&#8220; height=&#8220;100%&#8220; max_height=&#8220;100%&#8220;][\/et_pb_gallery][\/et_pb_column][\/et_pb_row][\/et_pb_section][et_pb_section fb_built=&#8220;1&#8243; admin_label=&#8220;Galerija &#8211; sestavi  &#8220; module_id=&#8220;montagen&#8220; _builder_version=&#8220;4.0.11&#8243; width=&#8220;90%&#8220; max_width=&#8220;90%&#8220; module_alignment=&#8220;center&#8220; min_height=&#8220;100%&#8220; custom_padding=&#8220;0px|0px|2px|0|false|false&#8220;][et_pb_row use_custom_gutter=&#8220;on&#8220; gutter_width=&#8220;2&#8243; make_equal=&#8220;on&#8220; _builder_version=&#8220;4.0.6&#8243; background_color=&#8220;#E05C58 &#8220; width=&#8220;100%&#8220; max_width=&#8220;1440px&#8220; custom_margin=&#8220;-5px|auto||auto||&#8220; custom_padding=&#8220;40px|30px|40px|30px|false|false&#8220;][et_pb_column type=&#8220;4_4&#8243; _builder_version=&#8220;3.25&#8243; custom_padding=&#8220;|||&#8220; custom_padding__hover=&#8220;|||&#8220;][et_pb_text _builder_version=&#8220;4.0.11&#8243; text_font=&#8220;|600|||||||&#8220; text_text_color=&#8220;#000000&#8243; text_font_size=&#8220;18px&#8220; header_font=&#8220;|700|||||||&#8220; header_font_size=&#8220;22px&#8220;]<\/p>\n<div class=\"et_pb_module et_pb_text et_pb_text_2 et_pb_bg_layout_light et_pb_text_align_left et_had_animation\">\n<div class=\"et_pb_text_inner\">\n<div class=\"et_pb_module et_pb_text et_pb_text_4 et_pb_bg_layout_light et_pb_text_align_left et_had_animation\">\n<div class=\"et_pb_text_inner\">\n<div class=\"et_pb_module et_pb_text et_pb_text_5 et_pb_bg_layout_light et_pb_text_align_left et_had_animation\">\n<div class=\"et_pb_text_inner\">\n<p>MONTAGEN <\/p>\n<\/div>\n<\/div>\n<\/div>\n<\/div>\n<\/div>\n<\/div>\n<p>[\/et_pb_text][et_pb_gallery gallery_ids=&#8220;772,775,778,781,784,787&#8243; posts_number=&#8220;10&#8243; show_title_and_caption=&#8220;off&#8220; show_pagination=&#8220;off&#8220; _builder_version=&#8220;4.0.6&#8243;][\/et_pb_gallery][\/et_pb_column][\/et_pb_row][\/et_pb_section][et_pb_section fb_built=&#8220;1&#8243; admin_label=&#8220;Galerija &#8211; strojegradnja &#8220; module_id=&#8220;strojegradnja&#8220; _builder_version=&#8220;4.0.11&#8243; width=&#8220;90%&#8220; max_width=&#8220;90%&#8220; module_alignment=&#8220;center&#8220; min_height=&#8220;100%&#8220; custom_padding=&#8220;0px|0px|2px|0|false|false&#8220;][et_pb_row use_custom_gutter=&#8220;on&#8220; gutter_width=&#8220;2&#8243; _builder_version=&#8220;4.0.6&#8243; background_color=&#8220;#f47a55&#8243; width=&#8220;100%&#8220; max_width=&#8220;1440px&#8220; custom_margin=&#8220;-5px|auto||auto||&#8220; custom_padding=&#8220;40px|30px|40px|30px|false|false&#8220;][et_pb_column type=&#8220;4_4&#8243; _builder_version=&#8220;3.25&#8243; custom_padding=&#8220;|||&#8220; custom_padding__hover=&#8220;|||&#8220;][et_pb_text _builder_version=&#8220;4.0.11&#8243; text_font=&#8220;|600|||||||&#8220; text_font_size=&#8220;18px&#8220; header_font=&#8220;|700|||||||&#8220; header_font_size=&#8220;22px&#8220;]<\/p>\n<div class=\"et_pb_module et_pb_text et_pb_text_2 et_pb_bg_layout_light  et_pb_text_align_left et_had_animation\">\n<div class=\"et_pb_text_inner\">\n<div class=\"et_pb_module et_pb_text et_pb_text_4 et_pb_bg_layout_light  et_pb_text_align_left et_had_animation\">\n<div class=\"et_pb_text_inner\">\n<p>MASCHINENBAU<\/p>\n<\/div>\n<\/div>\n<\/div>\n<\/div>\n<p>[\/et_pb_text][et_pb_gallery gallery_ids=&#8220;809,810,811,812,813,814&#8243; posts_number=&#8220;22&#8243; show_title_and_caption=&#8220;off&#8220; show_pagination=&#8220;off&#8220; _builder_version=&#8220;4.0.6&#8243; width=&#8220;100%&#8220; max_width=&#8220;100%&#8220; min_height=&#8220;100%&#8220; height=&#8220;100%&#8220; max_height=&#8220;100%&#8220;][\/et_pb_gallery][\/et_pb_column][\/et_pb_row][\/et_pb_section][et_pb_section fb_built=&#8220;1&#8243; admin_label=&#8220;Footer&#8220; _builder_version=&#8220;3.22&#8243;][et_pb_row column_structure=&#8220;1_3,1_3,1_3&#8243; _builder_version=&#8220;3.25&#8243; custom_padding=&#8220;|||&#8220;][et_pb_column type=&#8220;1_3&#8243; _builder_version=&#8220;3.25&#8243; custom_padding=&#8220;|||&#8220; custom_padding__hover=&#8220;|||&#8220;][et_pb_blurb title=&#8220;Title &#8220; use_icon=&#8220;on&#8220; font_icon=&#8220;%%236%%&#8220; use_icon_font_size=&#8220;on&#8220; icon_font_size=&#8220;32px&#8220; _builder_version=&#8220;4.0.11&#8243; header_font=&#8220;Josefin Sans|700||on|||||&#8220; header_text_align=&#8220;center&#8220; body_font=&#8220;Open Sans||||||||&#8220; body_text_align=&#8220;center&#8220;]<\/p>\n<p>Ul. Franca Mlakarja 1<br \/> 1000 Ljubljana, SLOVENIJA<\/p>\n<p>[\/et_pb_blurb][\/et_pb_column][et_pb_column type=&#8220;1_3&#8243; _builder_version=&#8220;3.25&#8243; custom_padding=&#8220;|||&#8220; custom_padding__hover=&#8220;|||&#8220;][et_pb_blurb title=&#8220;Telefon &#8220; use_icon=&#8220;on&#8220; font_icon=&#8220;%%264%%&#8220; use_icon_font_size=&#8220;on&#8220; icon_font_size=&#8220;32px&#8220; _builder_version=&#8220;4.0.11&#8243; header_font=&#8220;Josefin Sans|700||on|||||&#8220; header_text_align=&#8220;center&#8220; body_font=&#8220;Open Sans||||||||&#8220; body_text_align=&#8220;center&#8220; animation_style=&#8220;fold&#8220; animation_direction=&#8220;left&#8220; animation_delay=&#8220;200ms&#8220; animation_intensity_fold=&#8220;20%&#8220;]<\/p>\n<p>+386 (0)31 677 264\u00a0<\/p>\n<p>[\/et_pb_blurb][\/et_pb_column][et_pb_column type=&#8220;1_3&#8243; _builder_version=&#8220;3.25&#8243; custom_padding=&#8220;|||&#8220; custom_padding__hover=&#8220;|||&#8220;][et_pb_blurb title=&#8220;E-TITLE &#8220; use_icon=&#8220;on&#8220; font_icon=&#8220;%%238%%&#8220; use_icon_font_size=&#8220;on&#8220; icon_font_size=&#8220;32px&#8220; _builder_version=&#8220;4.0.11&#8243; header_font=&#8220;Josefin Sans|700||on|||||&#8220; header_text_align=&#8220;center&#8220; body_font=&#8220;Open Sans||||||||&#8220; body_text_align=&#8220;center&#8220; animation_style=&#8220;fold&#8220; animation_direction=&#8220;left&#8220; animation_delay=&#8220;200ms&#8220; animation_intensity_fold=&#8220;20%&#8220;]<\/p>\n<p><a href=\"mailto:info@cnc-inzeniring.com\">info@cnc-inzeniring.com<\/a><\/p>\n<p>[\/et_pb_blurb][\/et_pb_column][\/et_pb_row][\/et_pb_section]<\/p>\n","protected":false},"excerpt":{"rendered":"<p>Produkte\u00a0 \u00a0 Unser Hauptgesch\u00e4ft ist die Produktion von Teilen, von den weniger anspruchsvollen bis zu den sehr komplexen, wo wir die Bed\u00fcrfnisse unserer Kunden bedienen. Alle Produkte werden mit hoher Pr\u00e4zision und Qualit\u00e4t hergestellt. MEDIZIN, PR\u00c4ZISION MECHANISCHES GEB\u00c4UDE WERKZEUGE, FLUGZEUGINDUSTRIE MONTAGEN MASCHINENBAU Ul. Franca Mlakarja 1 1000 Ljubljana, SLOVENIJA+386 (0)31 677 264\u00a0info@cnc-inzeniring.com<\/p>\n","protected":false},"author":1,"featured_media":0,"parent":0,"menu_order":0,"comment_status":"closed","ping_status":"open","template":"","meta":{"_et_pb_use_builder":"on","_et_pb_old_content":"<!-- wp:paragraph -->\r\n<p>This is an example page. It's different from a blog post because it will stay in one place and will show up in your site navigation (in most themes). Most people start with an About page that introduces them to potential site visitors. It might say something like this:<\/p>\r\n<!-- \/wp:paragraph --><!-- wp:quote -->\r\n<blockquote class=\"wp-block-quote\">\r\n<p>Hi there! I'm a bike messenger by day, aspiring actor by night, and this is my website. I live in Los Angeles, have a great dog named Jack, and I like pi\u00f1a coladas. (And gettin' caught in the rain.)<\/p>\r\n<\/blockquote>\r\n<!-- \/wp:quote --><!-- wp:paragraph -->\r\n<p>...or something like this:<\/p>\r\n<!-- \/wp:paragraph --><!-- wp:quote -->\r\n<blockquote class=\"wp-block-quote\">\r\n<p>The XYZ Doohickey Company was founded in 1971, and has been providing quality doohickeys to the public ever since. Located in Gotham City, XYZ employs over 2,000 people and does all kinds of awesome things for the Gotham community.<\/p>\r\n<\/blockquote>\r\n<!-- \/wp:quote --><!-- wp:paragraph -->\r\n<p>As a new WordPress user, you should go to <a href=\"http:\/\/cnc-inzeniring.com\/wp-admin\/\">your dashboard<\/a> to delete this page and create new pages for your content. Have fun!<\/p>\r\n<!-- \/wp:paragraph -->","_et_gb_content_width":"","om_disable_all_campaigns":false,"_monsterinsights_skip_tracking":false,"_monsterinsights_sitenote_active":false,"_monsterinsights_sitenote_note":"","_monsterinsights_sitenote_category":0},"aioseo_notices":[],"yoast_head":"<!-- This site is optimized with the Yoast SEO plugin v17.8 - https:\/\/yoast.com\/wordpress\/plugins\/seo\/ -->\n<title>Produkte | CNC - Inzeniring AB Andolsek<\/title>\n<meta name=\"description\" content=\"Unsere Produkt- und Maschinengalerie. Spezialisiert auf Pr\u00e4zisionsfr\u00e4sprodukte in CNC-Bearbeitungszentren. Sie finden uns in der Automobil-, Luftfahrt-...\" \/>\n<meta name=\"robots\" content=\"index, follow, max-snippet:-1, max-image-preview:large, max-video-preview:-1\" \/>\n<link rel=\"canonical\" href=\"https:\/\/cnc-inzeniring.com\/de\/produkte\/\" \/>\n<meta property=\"og:locale\" content=\"de_DE\" \/>\n<meta property=\"og:type\" content=\"article\" \/>\n<meta property=\"og:title\" content=\"Produkte | CNC - Inzeniring AB Andolsek\" \/>\n<meta property=\"og:description\" content=\"Unsere Produkt- und Maschinengalerie. Spezialisiert auf Pr\u00e4zisionsfr\u00e4sprodukte in CNC-Bearbeitungszentren. Sie finden uns in der Automobil-, Luftfahrt-...\" \/>\n<meta property=\"og:url\" content=\"https:\/\/cnc-inzeniring.com\/de\/produkte\/\" \/>\n<meta property=\"og:site_name\" content=\"CNC - Inzeniring AB Andolsek\" \/>\n<meta property=\"article:modified_time\" content=\"2020-03-31T21:01:39+00:00\" \/>\n<meta name=\"twitter:card\" content=\"summary_large_image\" \/>\n<meta name=\"twitter:label1\" content=\"Gesch\u00e4tzte Lesezeit\" \/>\n\t<meta name=\"twitter:data1\" content=\"8 Minuten\" \/>\n<script type=\"application\/ld+json\" class=\"yoast-schema-graph\">{\"@context\":\"https:\/\/schema.org\",\"@graph\":[{\"@type\":\"WebSite\",\"@id\":\"https:\/\/cnc-inzeniring.com\/#website\",\"url\":\"https:\/\/cnc-inzeniring.com\/\",\"name\":\"CNC - Inzeniring AB Andolsek\",\"description\":\"Specializirani za precizno rezkanje izdelkov na CNC obdelovalnih centrih.\",\"potentialAction\":[{\"@type\":\"SearchAction\",\"target\":{\"@type\":\"EntryPoint\",\"urlTemplate\":\"https:\/\/cnc-inzeniring.com\/?s={search_term_string}\"},\"query-input\":\"required name=search_term_string\"}],\"inLanguage\":\"de-DE\"},{\"@type\":\"WebPage\",\"@id\":\"https:\/\/cnc-inzeniring.com\/de\/produkte\/#webpage\",\"url\":\"https:\/\/cnc-inzeniring.com\/de\/produkte\/\",\"name\":\"Produkte | CNC - Inzeniring AB Andolsek\",\"isPartOf\":{\"@id\":\"https:\/\/cnc-inzeniring.com\/#website\"},\"datePublished\":\"2019-10-18T13:00:34+00:00\",\"dateModified\":\"2020-03-31T21:01:39+00:00\",\"description\":\"Unsere Produkt- und Maschinengalerie. Spezialisiert auf Pr\\u00e4zisionsfr\\u00e4sprodukte in CNC-Bearbeitungszentren. Sie finden uns in der Automobil-, Luftfahrt-...\",\"breadcrumb\":{\"@id\":\"https:\/\/cnc-inzeniring.com\/de\/produkte\/#breadcrumb\"},\"inLanguage\":\"de-DE\",\"potentialAction\":[{\"@type\":\"ReadAction\",\"target\":[\"https:\/\/cnc-inzeniring.com\/de\/produkte\/\"]}]},{\"@type\":\"BreadcrumbList\",\"@id\":\"https:\/\/cnc-inzeniring.com\/de\/produkte\/#breadcrumb\",\"itemListElement\":[{\"@type\":\"ListItem\",\"position\":1,\"name\":\"Home\",\"item\":\"https:\/\/cnc-inzeniring.com\/de\/\"},{\"@type\":\"ListItem\",\"position\":2,\"name\":\"Produkte\"}]}]}<\/script>\n<!-- \/ Yoast SEO plugin. -->","yoast_head_json":{"title":"Produkte | CNC - Inzeniring AB Andolsek","description":"Unsere Produkt- und Maschinengalerie. Spezialisiert auf Pr\u00e4zisionsfr\u00e4sprodukte in CNC-Bearbeitungszentren. Sie finden uns in der Automobil-, Luftfahrt-...","robots":{"index":"index","follow":"follow","max-snippet":"max-snippet:-1","max-image-preview":"max-image-preview:large","max-video-preview":"max-video-preview:-1"},"canonical":"https:\/\/cnc-inzeniring.com\/de\/produkte\/","og_locale":"de_DE","og_type":"article","og_title":"Produkte | CNC - Inzeniring AB Andolsek","og_description":"Unsere Produkt- und Maschinengalerie. Spezialisiert auf Pr\u00e4zisionsfr\u00e4sprodukte in CNC-Bearbeitungszentren. Sie finden uns in der Automobil-, Luftfahrt-...","og_url":"https:\/\/cnc-inzeniring.com\/de\/produkte\/","og_site_name":"CNC - Inzeniring AB Andolsek","article_modified_time":"2020-03-31T21:01:39+00:00","twitter_card":"summary_large_image","twitter_misc":{"Gesch\u00e4tzte Lesezeit":"8 Minuten"},"schema":{"@context":"https:\/\/schema.org","@graph":[{"@type":"WebSite","@id":"https:\/\/cnc-inzeniring.com\/#website","url":"https:\/\/cnc-inzeniring.com\/","name":"CNC - Inzeniring AB Andolsek","description":"Specializirani za precizno rezkanje izdelkov na CNC obdelovalnih centrih.","potentialAction":[{"@type":"SearchAction","target":{"@type":"EntryPoint","urlTemplate":"https:\/\/cnc-inzeniring.com\/?s={search_term_string}"},"query-input":"required name=search_term_string"}],"inLanguage":"de-DE"},{"@type":"WebPage","@id":"https:\/\/cnc-inzeniring.com\/de\/produkte\/#webpage","url":"https:\/\/cnc-inzeniring.com\/de\/produkte\/","name":"Produkte | CNC - Inzeniring AB Andolsek","isPartOf":{"@id":"https:\/\/cnc-inzeniring.com\/#website"},"datePublished":"2019-10-18T13:00:34+00:00","dateModified":"2020-03-31T21:01:39+00:00","description":"Unsere Produkt- und Maschinengalerie. Spezialisiert auf Pr\u00e4zisionsfr\u00e4sprodukte in CNC-Bearbeitungszentren. Sie finden uns in der Automobil-, Luftfahrt-...","breadcrumb":{"@id":"https:\/\/cnc-inzeniring.com\/de\/produkte\/#breadcrumb"},"inLanguage":"de-DE","potentialAction":[{"@type":"ReadAction","target":["https:\/\/cnc-inzeniring.com\/de\/produkte\/"]}]},{"@type":"BreadcrumbList","@id":"https:\/\/cnc-inzeniring.com\/de\/produkte\/#breadcrumb","itemListElement":[{"@type":"ListItem","position":1,"name":"Home","item":"https:\/\/cnc-inzeniring.com\/de\/"},{"@type":"ListItem","position":2,"name":"Produkte"}]}]}},"_links":{"self":[{"href":"https:\/\/cnc-inzeniring.com\/de\/wp-json\/wp\/v2\/pages\/546"}],"collection":[{"href":"https:\/\/cnc-inzeniring.com\/de\/wp-json\/wp\/v2\/pages"}],"about":[{"href":"https:\/\/cnc-inzeniring.com\/de\/wp-json\/wp\/v2\/types\/page"}],"author":[{"embeddable":true,"href":"https:\/\/cnc-inzeniring.com\/de\/wp-json\/wp\/v2\/users\/1"}],"replies":[{"embeddable":true,"href":"https:\/\/cnc-inzeniring.com\/de\/wp-json\/wp\/v2\/comments?post=546"}],"version-history":[{"count":12,"href":"https:\/\/cnc-inzeniring.com\/de\/wp-json\/wp\/v2\/pages\/546\/revisions"}],"predecessor-version":[{"id":965,"href":"https:\/\/cnc-inzeniring.com\/de\/wp-json\/wp\/v2\/pages\/546\/revisions\/965"}],"wp:attachment":[{"href":"https:\/\/cnc-inzeniring.com\/de\/wp-json\/wp\/v2\/media?parent=546"}],"curies":[{"name":"wp","href":"https:\/\/api.w.org\/{rel}","templated":true}]}}